{"id":1311,"date":"2022-08-16T16:23:59","date_gmt":"2022-08-16T13:23:59","guid":{"rendered":"https:\/\/kucukarilarakademisi.com\/?page_id=1311"},"modified":"2025-08-25T15:04:22","modified_gmt":"2025-08-25T12:04:22","slug":"egitim-setleri-planlar","status":"publish","type":"page","link":"https:\/\/kucukarilarakademisi.com\/index.php\/egitim-setleri-planlar\/","title":{"rendered":"E\u011fitim Setleri &#8211; Planlar"},"content":{"rendered":"\t\t<div data-elementor-type=\"wp-page\" data-elementor-id=\"1311\" class=\"elementor elementor-1311\" data-elementor-post-type=\"page\">\n\t\t\t\t\t\t<section class=\"elementor-section elementor-top-section elementor-element elementor-element-15707e5 elementor-section-boxed elementor-section-height-default elementor-section-height-default\" data-id=\"15707e5\" data-element_type=\"section\">\n\t\t\t\t\t\t<div class=\"elementor-container elementor-column-gap-default\">\n\t\t\t\t\t<div class=\"elementor-column elementor-col-100 elementor-top-column elementor-element elementor-element-9376db9\" data-id=\"9376db9\" data-element_type=\"column\">\n\t\t\t<div class=\"elementor-widget-wrap elementor-element-populated\">\n\t\t\t\t\n\n\n\n\n\t\t<div class=\"elementor-element elementor-element-d35abe8 elementor-align-center elementor-widget__width-inherit elementor-widget elementor-widget-button\" data-id=\"d35abe8\" data-element_type=\"widget\" data-settings=\"{&quot;motion_fx_motion_fx_scrolling&quot;:&quot;yes&quot;,&quot;motion_fx_devices&quot;:[&quot;desktop&quot;,&quot;tablet&quot;,&quot;mobile&quot;]}\" data-widget_type=\"button.default\">\n\t\t\t\t<div class=\"elementor-widget-container\">\n\t\t\t\t\t<div class=\"elementor-button-wrapper\">\n\t\t\t<a class=\"elementor-button elementor-button-link elementor-size-lg\" href=\"https:\/\/kucukarilarakademisi.com\/wp-content\/uploads\/planlar-2025\/Dinozorlar%20Eg%CC%86im%20Seti%20-%20Gu%CC%88nlu%CC%88k%20ve%20Ayl%C4%B1k%20Planlar.zip\">\n\t\t\t\t\t\t<span class=\"elementor-button-content-wrapper\">\n\t\t\t\t\t\t<span class=\"elementor-button-icon\">\n\t\t\t\t<i aria-hidden=\"true\" class=\"fas fa-book-reader\"><\/i>\t\t\t<\/span>\n\t\t\t\t\t\t\t\t\t<span class=\"elementor-button-text\">\u015eirin Dinozorlar E\u011fim Seti - G\u00fcnl\u00fck ve Ayl\u0131k Planlar(indirmek i\u00e7in t\u0131klay\u0131n\u0131z)<\/span>\n\t\t\t\t\t<\/span>\n\t\t\t\t\t<\/a>\n\t\t<\/div>\n\t\t\t\t<\/div>\n\t\t\t\t<\/div>\n\t\t\t\t<div class=\"elementor-element elementor-element-bbbefb7 elementor-align-center elementor-widget elementor-widget-button\" data-id=\"bbbefb7\" data-element_type=\"widget\" data-settings=\"{&quot;motion_fx_motion_fx_scrolling&quot;:&quot;yes&quot;,&quot;motion_fx_devices&quot;:[&quot;desktop&quot;,&quot;tablet&quot;,&quot;mobile&quot;]}\" data-widget_type=\"button.default\">\n\t\t\t\t<div class=\"elementor-widget-container\">\n\t\t\t\t\t<div class=\"elementor-button-wrapper\">\n\t\t\t<a class=\"elementor-button elementor-button-link elementor-size-lg\" href=\"https:\/\/kucukarilarakademisi.com\/wp-content\/uploads\/planlar-2025\/Ku%CC%88c%CC%A7u%CC%88k%20Ar%C4%B1lar%20Gu%CC%88nlu%CC%88k%20ve%20Ayl%C4%B1k%20Planlar.zip\">\n\t\t\t\t\t\t<span class=\"elementor-button-content-wrapper\">\n\t\t\t\t\t\t<span class=\"elementor-button-icon\">\n\t\t\t\t<i aria-hidden=\"true\" class=\"fas fa-book-reader\"><\/i>\t\t\t<\/span>\n\t\t\t\t\t\t\t\t\t<span class=\"elementor-button-text\">K\u00fc\u00e7\u00fck Ar\u0131lar E\u011fitim Seti - G\u00fcnl\u00fck ve Ayl\u0131k Planlar(indirmek i\u00e7in t\u0131klay\u0131n\u0131z)<\/span>\n\t\t\t\t\t<\/span>\n\t\t\t\t\t<\/a>\n\t\t<\/div>\n\t\t\t\t<\/div>\n\t\t\t\t<\/div>\n\t\t\t\t<div class=\"elementor-element elementor-element-baf1225 elementor-align-center elementor-widget__width-inherit elementor-widget elementor-widget-button\" data-id=\"baf1225\" data-element_type=\"widget\" data-settings=\"{&quot;motion_fx_motion_fx_scrolling&quot;:&quot;yes&quot;,&quot;motion_fx_devices&quot;:[&quot;desktop&quot;,&quot;tablet&quot;,&quot;mobile&quot;]}\" data-widget_type=\"button.default\">\n\t\t\t\t<div class=\"elementor-widget-container\">\n\t\t\t\t\t<div class=\"elementor-button-wrapper\">\n\t\t\t<a class=\"elementor-button elementor-button-link elementor-size-lg\" href=\"https:\/\/kucukarilarakademisi.com\/wp-content\/uploads\/planlar-2024\/YEN%C4%B0%20UFUKLAR%20G%C3%BCnl%C3%BCk%20ve%20Ayl%C4%B1k%20Planlar.zip\">\n\t\t\t\t\t\t<span class=\"elementor-button-content-wrapper\">\n\t\t\t\t\t\t<span class=\"elementor-button-icon\">\n\t\t\t\t<i aria-hidden=\"true\" class=\"fas fa-book-reader\"><\/i>\t\t\t<\/span>\n\t\t\t\t\t\t\t\t\t<span class=\"elementor-button-text\">Yeni Ufuklar E\u011fitim Seti - G\u00fcnl\u00fck ve Ayl\u0131k Planlar(indirmek i\u00e7in t\u0131klay\u0131n\u0131z)<\/span>\n\t\t\t\t\t<\/span>\n\t\t\t\t\t<\/a>\n\t\t<\/div>\n\t\t\t\t<\/div>\n\t\t\t\t<\/div>\n\t\t\t\t<div class=\"elementor-element elementor-element-953cc07 elementor-align-center elementor-widget elementor-widget-button\" data-id=\"953cc07\" data-element_type=\"widget\" data-settings=\"{&quot;motion_fx_motion_fx_scrolling&quot;:&quot;yes&quot;,&quot;motion_fx_devices&quot;:[&quot;desktop&quot;,&quot;tablet&quot;,&quot;mobile&quot;]}\" data-widget_type=\"button.default\">\n\t\t\t\t<div class=\"elementor-widget-container\">\n\t\t\t\t\t<div class=\"elementor-button-wrapper\">\n\t\t\t<a class=\"elementor-button elementor-button-link elementor-size-lg\" href=\"https:\/\/kucukarilarakademisi.com\/wp-content\/uploads\/planlar-2025\/Bilgi%20Peteg%CC%86i%20Gu%CC%88nlu%CC%88k%20ve%20Ayl%C4%B1k%20Planlar.zip\">\n\t\t\t\t\t\t<span class=\"elementor-button-content-wrapper\">\n\t\t\t\t\t\t<span class=\"elementor-button-icon\">\n\t\t\t\t<i aria-hidden=\"true\" class=\"fas fa-book-reader\"><\/i>\t\t\t<\/span>\n\t\t\t\t\t\t\t\t\t<span class=\"elementor-button-text\">Bilgi Pete\u011fi E\u011fitim Seti - G\u00fcnl\u00fck ve Ayl\u0131k Planlar(indirmek i\u00e7in t\u0131klay\u0131n\u0131z)<\/span>\n\t\t\t\t\t<\/span>\n\t\t\t\t\t<\/a>\n\t\t<\/div>\n\t\t\t\t<\/div>\n\t\t\t\t<\/div>\n\t\t\t\t<div class=\"elementor-element elementor-element-638c425 elementor-align-center elementor-widget__width-inherit elementor-widget elementor-widget-button\" data-id=\"638c425\" data-element_type=\"widget\" data-settings=\"{&quot;motion_fx_motion_fx_scrolling&quot;:&quot;yes&quot;,&quot;motion_fx_devices&quot;:[&quot;desktop&quot;,&quot;tablet&quot;,&quot;mobile&quot;]}\" data-widget_type=\"button.default\">\n\t\t\t\t<div class=\"elementor-widget-container\">\n\t\t\t\t\t<div class=\"elementor-button-wrapper\">\n\t\t\t<a class=\"elementor-button elementor-button-link elementor-size-lg\" href=\"https:\/\/kucukarilarakademisi.com\/wp-content\/uploads\/planlar-2025\/Kavanoz%20Gu%CC%88nlu%CC%88k%20-%20Ayl%C4%B1k%20Planlar.zip\">\n\t\t\t\t\t\t<span class=\"elementor-button-content-wrapper\">\n\t\t\t\t\t\t<span class=\"elementor-button-icon\">\n\t\t\t\t<i aria-hidden=\"true\" class=\"fas fa-book-reader\"><\/i>\t\t\t<\/span>\n\t\t\t\t\t\t\t\t\t<span class=\"elementor-button-text\">Kavanoz E\u011fitim Seti - G\u00fcnl\u00fck ve Ayl\u0131k Planlar(indirmek i\u00e7in t\u0131klay\u0131n\u0131z)<\/span>\n\t\t\t\t\t<\/span>\n\t\t\t\t\t<\/a>\n\t\t<\/div>\n\t\t\t\t<\/div>\n\t\t\t\t<\/div>\n\t\t\t\t\t<\/div>\n\t\t<\/div>\n\t\t\t\t\t<\/div>\n\t\t<\/section>\n\t\t\t\t<\/div>\n\t\t","protected":false},"excerpt":{"rendered":"<p>\u015eirin Dinozorlar E\u011fim Seti &#8211; G\u00fcnl\u00fck ve Ayl\u0131k Planlar(indirmek [&hellip;]<\/p>\n","protected":false},"author":1,"featured_media":0,"parent":0,"menu_order":0,"comment_status":"closed","ping_status":"closed","template":"","meta":{"footnotes":""},"class_list":["post-1311","page","type-page","status-publish","hentry"],"_links":{"self":[{"href":"https:\/\/kucukarilarakademisi.com\/index.php\/wp-json\/wp\/v2\/pages\/1311"}],"collection":[{"href":"https:\/\/kucukarilarakademisi.com\/index.php\/wp-json\/wp\/v2\/pages"}],"about":[{"href":"https:\/\/kucukarilarakademisi.com\/index.php\/wp-json\/wp\/v2\/types\/page"}],"author":[{"embeddable":true,"href":"https:\/\/kucukarilarakademisi.com\/index.php\/wp-json\/wp\/v2\/users\/1"}],"replies":[{"embeddable":true,"href":"https:\/\/kucukarilarakademisi.com\/index.php\/wp-json\/wp\/v2\/comments?post=1311"}],"version-history":[{"count":83,"href":"https:\/\/kucukarilarakademisi.com\/index.php\/wp-json\/wp\/v2\/pages\/1311\/revisions"}],"predecessor-version":[{"id":2078,"href":"https:\/\/kucukarilarakademisi.com\/index.php\/wp-json\/wp\/v2\/pages\/1311\/revisions\/2078"}],"wp:attachment":[{"href":"https:\/\/kucukarilarakademisi.com\/index.php\/wp-json\/wp\/v2\/media?parent=1311"}],"curies":[{"name":"wp","href":"https:\/\/api.w.org\/{rel}","templated":true}]}}