{"id":1666,"date":"2024-03-23T20:47:15","date_gmt":"2024-03-23T17:47:15","guid":{"rendered":"https:\/\/kucukarilarakademisi.com\/?page_id=1666"},"modified":"2024-03-23T20:48:58","modified_gmt":"2024-03-23T17:48:58","slug":"kucuk-arilar-akademisi-egitim-seti","status":"publish","type":"page","link":"https:\/\/kucukarilarakademisi.com\/index.php\/okul-oncesi\/kucuk-arilar-akademisi-egitim-seti\/","title":{"rendered":"K\u00fc\u00e7\u00fck Ar\u0131lar Akademisi E\u011fitim Seti"},"content":{"rendered":"\t\t<div data-elementor-type=\"wp-page\" data-elementor-id=\"1666\" class=\"elementor elementor-1666\" data-elementor-post-type=\"page\">\n\t\t\t\t\t\t<section class=\"elementor-section elementor-top-section elementor-element elementor-element-705a3c3 elementor-section-boxed elementor-section-height-default elementor-section-height-default\" data-id=\"705a3c3\" data-element_type=\"section\">\n\t\t\t\t\t\t<div class=\"elementor-container elementor-column-gap-default\">\n\t\t\t\t\t<div class=\"elementor-column elementor-col-100 elementor-top-column elementor-element elementor-element-5b596fb\" data-id=\"5b596fb\" data-element_type=\"column\">\n\t\t\t<div class=\"elementor-widget-wrap elementor-element-populated\">\n\t\t\t\t\n\n\n\n\n\t\t<div class=\"elementor-element elementor-element-3c94b4c elementor-widget elementor-widget-text-editor\" data-id=\"3c94b4c\" data-element_type=\"widget\" data-widget_type=\"text-editor.default\">\n\t\t\t\t<div class=\"elementor-widget-container\">\n\t\t\t<style>\/*! elementor - v3.23.0 - 05-08-2024 *\/\n.elementor-widget-text-editor.elementor-drop-cap-view-stacked .elementor-drop-cap{background-color:#69727d;color:#fff}.elementor-widget-text-editor.elementor-drop-cap-view-framed .elementor-drop-cap{color:#69727d;border:3px solid;background-color:transparent}.elementor-widget-text-editor:not(.elementor-drop-cap-view-default) .elementor-drop-cap{margin-top:8px}.elementor-widget-text-editor:not(.elementor-drop-cap-view-default) .elementor-drop-cap-letter{width:1em;height:1em}.elementor-widget-text-editor .elementor-drop-cap{float:left;text-align:center;line-height:1;font-size:50px}.elementor-widget-text-editor .elementor-drop-cap-letter{display:inline-block}<\/style>\t\t\t\t<iframe style=\"width: 100%; height: 1024px;\" src=\"https:\/\/fliphtml5.com\/bookcase\/jtogf\/\" frameborder=\"0\" scrolling=\"no\" seamless=\"seamless\" allowfullscreen=\"allowfullscreen\"><\/iframe>\t\t\t\t\t\t<\/div>\n\t\t\t\t<\/div>\n\t\t\t\t\t<\/div>\n\t\t<\/div>\n\t\t\t\t\t<\/div>\n\t\t<\/section>\n\t\t\t\t<\/div>\n\t\t","protected":false},"excerpt":{"rendered":"","protected":false},"author":1,"featured_media":0,"parent":1644,"menu_order":0,"comment_status":"closed","ping_status":"closed","template":"","meta":{"footnotes":""},"class_list":["post-1666","page","type-page","status-publish","hentry"],"_links":{"self":[{"href":"https:\/\/kucukarilarakademisi.com\/index.php\/wp-json\/wp\/v2\/pages\/1666"}],"collection":[{"href":"https:\/\/kucukarilarakademisi.com\/index.php\/wp-json\/wp\/v2\/pages"}],"about":[{"href":"https:\/\/kucukarilarakademisi.com\/index.php\/wp-json\/wp\/v2\/types\/page"}],"author":[{"embeddable":true,"href":"https:\/\/kucukarilarakademisi.com\/index.php\/wp-json\/wp\/v2\/users\/1"}],"replies":[{"embeddable":true,"href":"https:\/\/kucukarilarakademisi.com\/index.php\/wp-json\/wp\/v2\/comments?post=1666"}],"version-history":[{"count":7,"href":"https:\/\/kucukarilarakademisi.com\/index.php\/wp-json\/wp\/v2\/pages\/1666\/revisions"}],"predecessor-version":[{"id":1679,"href":"https:\/\/kucukarilarakademisi.com\/index.php\/wp-json\/wp\/v2\/pages\/1666\/revisions\/1679"}],"up":[{"embeddable":true,"href":"https:\/\/kucukarilarakademisi.com\/index.php\/wp-json\/wp\/v2\/pages\/1644"}],"wp:attachment":[{"href":"https:\/\/kucukarilarakademisi.com\/index.php\/wp-json\/wp\/v2\/media?parent=1666"}],"curies":[{"name":"wp","href":"https:\/\/api.w.org\/{rel}","templated":true}]}}