{"id":689,"date":"2020-04-20T20:19:32","date_gmt":"2020-04-20T20:19:32","guid":{"rendered":"https:\/\/kucukarilarakademisi.com?page_id=148"},"modified":"2020-04-20T20:19:32","modified_gmt":"2020-04-20T20:19:32","slug":"contact-us-2","status":"publish","type":"page","link":"https:\/\/kucukarilarakademisi.com\/index.php\/contact-us-2\/","title":{"rendered":"Contact us"},"content":{"rendered":"\t\t<div data-elementor-type=\"wp-page\" data-elementor-id=\"689\" class=\"elementor elementor-689\" data-elementor-post-type=\"page\">\n\t\t\t\t\t\t<section class=\"elementor-section elementor-top-section elementor-element elementor-element-1f7a2b3 elementor-section-stretched elementor-section-full_width elementor-section-height-default elementor-section-height-default\" data-id=\"1f7a2b3\" data-element_type=\"section\" data-settings=\"{&quot;stretch_section&quot;:&quot;section-stretched&quot;}\">\n\t\t\t\t\t\t<div class=\"elementor-container elementor-column-gap-default\">\n\t\t\t\t\t<div class=\"elementor-column elementor-col-100 elementor-top-column elementor-element elementor-element-3c57135\" data-id=\"3c57135\" data-element_type=\"column\">\n\t\t\t<div class=\"elementor-widget-wrap elementor-element-populated\">\n\t\t\t\t\n\n\n\n\n\t\t<div class=\"elementor-element elementor-element-f9402db elementor-widget elementor-widget-contact_box_info\" data-id=\"f9402db\" data-element_type=\"widget\" data-widget_type=\"contact_box_info.default\">\n\t\t\t\t<div class=\"elementor-widget-container\">\n\t\t\t <section class=\"contact-info-section sec-pad centred\">\n<div class=\"container\">\n\t<div class=\"sec-title\">\n\t\t<h5>Contact<\/h5>\n\t\t<h1>Get In Touch\n<\/h1>\n\t<\/div>\n\t<div class=\"row\">\n\t\t\t\t <div class=\"col-lg-4 col-md-6 col-sm-12 info-column\">\n\t\t<div class=\"single-info-box wow fadeInUp \" data-wow-delay=\"00ms\" data-wow-duration=\"1500ms\">\n\t\t\t<div class=\"inner-box\">\n\t\t\t\t<div class=\"icon-box\"><i aria-hidden=\"true\" class=\" flaticon-address\"><\/i><\/div>\n\t\t\t\t<h3>Our Location<\/h3>\n\t\t\t\t<div class=\"text\">16\/14 Babor Road, Shyamoly<br>Dhaka.<\/div>\n\t\t\t<\/div>\n\t\t<\/div>\n\t\t<\/div> \t\t <div class=\"col-lg-4 col-md-6 col-sm-12 info-column\">\n\t\t<div class=\"single-info-box wow fadeInUp \" data-wow-delay=\"300ms\" data-wow-duration=\"1500ms\">\n\t\t\t<div class=\"inner-box\">\n\t\t\t\t<div class=\"icon-box\"><i aria-hidden=\"true\" class=\" flaticon-vintage-hand-phone\"><\/i><\/div>\n\t\t\t\t<h3>Phone Number\n<\/h3>\n\t\t\t\t<div class=\"text\">  <a href=\"tel:(+55)654-545-5418\">(+55) 654 - 545 - 5418<\/a><br>\n                                <a href=\"tel:(+55)654-545-1235\">(+55)  654 - 545 - 1235<\/a><\/div>\n\t\t\t<\/div>\n\t\t<\/div>\n\t\t<\/div> \t\t <div class=\"col-lg-4 col-md-6 col-sm-12 info-column\">\n\t\t<div class=\"single-info-box wow fadeInUp \" data-wow-delay=\"300ms\" data-wow-duration=\"1500ms\">\n\t\t\t<div class=\"inner-box\">\n\t\t\t\t<div class=\"icon-box\"><i aria-hidden=\"true\" class=\" flaticon-mail\"><\/i><\/div>\n\t\t\t\t<h3>Email Address\n<\/h3>\n\t\t\t\t<div class=\"text\">  <a href=\"mailto:info@example.com\">info@example.com<\/a><br>\n                                <a href=\"mailto:info@templatepath.com\">info@templatepath.com<\/a><\/div>\n\t\t\t<\/div>\n\t\t<\/div>\n\t\t<\/div>  \n\t<\/div>\n<\/div>\n<\/section> \n\t\t\t\t<\/div>\n\t\t\t\t<\/div>\n\t\t\t\t\t<\/div>\n\t\t<\/div>\n\t\t\t\t\t<\/div>\n\t\t<\/section>\n\t\t\t\t<section class=\"elementor-section elementor-top-section elementor-element elementor-element-1c5d2cc elementor-section-stretched elementor-section-full_width elementor-section-height-default elementor-section-height-default\" data-id=\"1c5d2cc\" data-element_type=\"section\" data-settings=\"{&quot;stretch_section&quot;:&quot;section-stretched&quot;}\">\n\t\t\t\t\t\t<div class=\"elementor-container elementor-column-gap-default\">\n\t\t\t\t\t<div class=\"elementor-column elementor-col-100 elementor-top-column elementor-element elementor-element-6ffcb47\" data-id=\"6ffcb47\" data-element_type=\"column\">\n\t\t\t<div class=\"elementor-widget-wrap elementor-element-populated\">\n\t\t\t\t\t\t<div class=\"elementor-element elementor-element-a32cb3a elementor-widget elementor-widget-contact_single_form\" data-id=\"a32cb3a\" data-element_type=\"widget\" data-widget_type=\"contact_single_form.default\">\n\t\t\t\t<div class=\"elementor-widget-container\">\n\t\t\t <section class=\"contact-form-section sec-pad\">\n\t\t<div class=\"container\">\n\t\t\t<div class=\"sec-title centred\">\n\t\t\t\t<h5>Inquary<\/h5>\n\t\t\t\t<h1>Leave a Message\n<\/h1>\n\t\t\t<\/div>\n\t\t\t<div class=\"row\">\n\t\t\t\t<div class=\"col-lg-8 col-md-12 col-sm-12 offset-lg-2 form-column\">\n\t\t\t\t\t\t\t\t   <p class=\"wpcf7-contact-form-not-found\"><strong>Hata:<\/strong> \u0130leti\u015fim formu bulunamad\u0131.<\/p>\t\t\t\t<\/div>\n\t\t\t<\/div>\n\t\t<\/div>\n\t<\/section> \n\t\t\t\t<\/div>\n\t\t\t\t<\/div>\n\t\t\t\t\t<\/div>\n\t\t<\/div>\n\t\t\t\t\t<\/div>\n\t\t<\/section>\n\t\t\t\t<section class=\"elementor-section elementor-top-section elementor-element elementor-element-0a6815d elementor-section-stretched elementor-section-full_width elementor-section-height-default elementor-section-height-default\" data-id=\"0a6815d\" data-element_type=\"section\" data-settings=\"{&quot;stretch_section&quot;:&quot;section-stretched&quot;}\">\n\t\t\t\t\t\t<div class=\"elementor-container elementor-column-gap-default\">\n\t\t\t\t\t<div class=\"elementor-column elementor-col-100 elementor-top-column elementor-element elementor-element-3bbac40\" data-id=\"3bbac40\" data-element_type=\"column\">\n\t\t\t<div class=\"elementor-widget-wrap elementor-element-populated\">\n\t\t\t\t\t\t<div class=\"elementor-element elementor-element-bb5d951 elementor-widget elementor-widget-text-editor\" data-id=\"bb5d951\" data-element_type=\"widget\" data-widget_type=\"text-editor.default\">\n\t\t\t\t<div class=\"elementor-widget-container\">\n\t\t\t<style>\/*! elementor - v3.23.0 - 05-08-2024 *\/\n.elementor-widget-text-editor.elementor-drop-cap-view-stacked .elementor-drop-cap{background-color:#69727d;color:#fff}.elementor-widget-text-editor.elementor-drop-cap-view-framed .elementor-drop-cap{color:#69727d;border:3px solid;background-color:transparent}.elementor-widget-text-editor:not(.elementor-drop-cap-view-default) .elementor-drop-cap{margin-top:8px}.elementor-widget-text-editor:not(.elementor-drop-cap-view-default) .elementor-drop-cap-letter{width:1em;height:1em}.elementor-widget-text-editor .elementor-drop-cap{float:left;text-align:center;line-height:1;font-size:50px}.elementor-widget-text-editor .elementor-drop-cap-letter{display:inline-block}<\/style>\t\t\t\t<iframe src=\"https:\/\/www.google.com\/maps\/embed?pb=!1m18!1m12!1m3!1d193595.15830889103!2d-74.11976386883377!3d40.69766374867662!2m3!1f0!2f0!3f0!3m2!1i1024!2i768!4f13.1!3m3!1m2!1s0x89c24fa5d33f083b%3A0xc80b8f06e177fe62!2sNew%20York%2C%20NY%2C%20USA!5e0!3m2!1sen!2sbd!4v1587414419626!5m2!1sen!2sbd\"   height=\"550\" frameborder=\"0\" style=\"border:0;\" allowfullscreen=\"\" aria-hidden=\"false\" tabindex=\"0\"><\/iframe>\t\t\t\t\t\t<\/div>\n\t\t\t\t<\/div>\n\t\t\t\t\t<\/div>\n\t\t<\/div>\n\t\t\t\t\t<\/div>\n\t\t<\/section>\n\t\t\t\t<\/div>\n\t\t","protected":false},"excerpt":{"rendered":"<p>Contact Get In Touch Our Location 16\/14 Babor Road, [&hellip;]<\/p>\n","protected":false},"author":1,"featured_media":144,"parent":0,"menu_order":0,"comment_status":"closed","ping_status":"closed","template":"elementor_header_footer","meta":{"footnotes":""},"class_list":["post-689","page","type-page","status-publish","has-post-thumbnail","hentry"],"_links":{"self":[{"href":"https:\/\/kucukarilarakademisi.com\/index.php\/wp-json\/wp\/v2\/pages\/689"}],"collection":[{"href":"https:\/\/kucukarilarakademisi.com\/index.php\/wp-json\/wp\/v2\/pages"}],"about":[{"href":"https:\/\/kucukarilarakademisi.com\/index.php\/wp-json\/wp\/v2\/types\/page"}],"author":[{"embeddable":true,"href":"https:\/\/kucukarilarakademisi.com\/index.php\/wp-json\/wp\/v2\/users\/1"}],"replies":[{"embeddable":true,"href":"https:\/\/kucukarilarakademisi.com\/index.php\/wp-json\/wp\/v2\/comments?post=689"}],"version-history":[{"count":0,"href":"https:\/\/kucukarilarakademisi.com\/index.php\/wp-json\/wp\/v2\/pages\/689\/revisions"}],"wp:featuredmedia":[{"embeddable":true,"href":"https:\/\/kucukarilarakademisi.com\/index.php\/wp-json\/wp\/v2\/media\/144"}],"wp:attachment":[{"href":"https:\/\/kucukarilarakademisi.com\/index.php\/wp-json\/wp\/v2\/media?parent=689"}],"curies":[{"name":"wp","href":"https:\/\/api.w.org\/{rel}","templated":true}]}}