{"id":696,"date":"2020-04-21T00:53:17","date_gmt":"2020-04-21T00:53:17","guid":{"rendered":"https:\/\/kucukarilarakademisi.com?page_id=278"},"modified":"2024-09-04T18:06:04","modified_gmt":"2024-09-04T15:06:04","slug":"hakkimizda","status":"publish","type":"page","link":"https:\/\/kucukarilarakademisi.com\/index.php\/hakkimizda\/","title":{"rendered":"Hakk\u0131m\u0131zda"},"content":{"rendered":"\t\t<div data-elementor-type=\"wp-page\" data-elementor-id=\"696\" class=\"elementor elementor-696\" data-elementor-post-type=\"page\">\n\t\t\t\t\t\t<section class=\"elementor-section elementor-top-section elementor-element elementor-element-e69aaf0 elementor-section-stretched elementor-section-full_width elementor-section-height-default elementor-section-height-default\" data-id=\"e69aaf0\" data-element_type=\"section\" data-settings=\"{&quot;stretch_section&quot;:&quot;section-stretched&quot;}\">\n\t\t\t\t\t\t<div class=\"elementor-container elementor-column-gap-default\">\n\t\t\t\t\t<div class=\"elementor-column elementor-col-100 elementor-top-column elementor-element elementor-element-52c312c\" data-id=\"52c312c\" data-element_type=\"column\">\n\t\t\t<div class=\"elementor-widget-wrap elementor-element-populated\">\n\t\t\t\t\n\n\n\n\n\t\t<div class=\"elementor-element elementor-element-888d327 elementor-widget elementor-widget-about_us_four\" data-id=\"888d327\" data-element_type=\"widget\" data-widget_type=\"about_us_four.default\">\n\t\t\t\t<div class=\"elementor-widget-container\">\n\t\t\t <section class=\"about-section style-two\">\n\t\t<div class=\"anim-icon\">\n\t\t\t<div class=\"icon icon-1 float-bob-x\"><\/div>\n\t\t\t<div class=\"icon icon-3\"><\/div>\n\t\t<\/div>\n\t\t<div class=\"container\">\n\t\t\t<div class=\"row\">\n\t\t\t\t<div class=\"col-lg-6 col-md-12 col-sm-12 content-column\">\n\t\t\t\t\t<div class=\"content-box\">\n\t\t\t\t\t\t<div class=\"sec-title style-two\">\n\t\t\t\t\t\t\t<h5><\/h5>\n\t\t\t\t\t\t\t<h1>Hakk\u0131m\u0131zda\n<\/h1>\n\t\t\t\t\t\t<\/div>\n\t\t\t\t\t\t<div class=\"bold-text\">T\u00fcrkiye genelindeki t\u00fcm bayilerimiz ile birlikte pek \u00e7ok ba\u015far\u0131ya imza atm\u0131\u015f ve b\u00fct\u00fcn okullarda ad\u0131 \u00f6vg\u00fcyle ge\u00e7en kocaman bir aileyiz.\n\nGerek \u0130nternet \u00fczerinden gerek bayilik sistemimizle, t\u00fcm T\u00fcrkiye\u2019de kitaplar\u0131m\u0131z\u0131 siz de\u011ferli veli\/ \u00f6\u011fretmen\/ \u00f6\u011frencilerimize sunarak, ba\u015far\u0131lar\u0131n\u0131za ba\u015far\u0131 katmak en b\u00fcy\u00fck hedefimizdir.\n\nSizlerin ba\u015far\u0131s\u0131 bizim gururumuzdur. Kitaplar\u0131m\u0131z en iyi matbaalarda ve kalitede bas\u0131l\u0131p, i\u00e7erikleri; kendi bran\u015flar\u0131nda deneyimli \u00f6\u011fretmenlerimiz taraf\u0131ndan \u00f6zenle haz\u0131rlanm\u0131\u015ft\u0131r.\nTamamen \u00f6\u011fretmeyi, \u00f6\u011fretirken e\u011flendirmeyi hedefledik. Kitaplar\u0131m\u0131z bol resimli anlat\u0131mlar\u0131yla, bol hik\u00e2yeli \u00f6rnekleriyle \u00f6\u011frencilerimizin daha \u00e7ok \u00e7al\u0131\u015f\u0131p, b\u00fcy\u00fck ba\u015far\u0131lar elde etmesinde rol oynamaktad\u0131r.\n\nYay\u0131nevimiz,1998 tarihinde ba\u015flam\u0131\u015f oldu\u011fu bu yolculukta, gittik\u00e7e b\u00fcy\u00fcyerek sizlere hizmet etmekten onur ve gurur duyar\u2026\n\n<\/div>\n\t\t\t\t\t\t<div class=\"text\">\n\t\t\t\t\t\t\t<p><\/p>\n\t\t\t\t\t\t<\/div>\n\t\t\t\t\t\t<div class=\"btn-box\">\n\t\t\t\t\t\t\n\t\t\t\t\t<a href=\"\" target=\"_blank\" rel=\"nofollow\" class=\"theme-btn\"> \u0130leti\u015fim <\/a>\t\t\t\t\t\t<\/div>\n\t\t\t\t\t<\/div>\n\t\t\t\t<\/div>\n\t\t\t\t<div class=\"col-lg-6 col-md-12 col-sm-12 image-column\">\n\t\t\t\t\t<div class=\"image-box wow fadeInRight animated\" data-wow-delay=\"0ms\" data-wow-duration=\"1500ms\" style=\"visibility: visible; animation-duration: 1500ms; animation-delay: 0ms; animation-name: fadeInRight;\">\n\t\t\t\t\t\t<figure class=\"image image-1\"><img decoding=\"async\" src=\"https:\/\/kucukarilarakademisi.com\/wp-content\/uploads\/2021\/08\/reklam.png\" alt=\"\"><\/figure>\n\t\t\t\t\t\t<figure class=\"image image-2\"><img decoding=\"async\" src=\"https:\/\/kucukarilarakademisi.com\/wp-content\/uploads\/2024\/09\/cropped-x-06.png\" alt=\"\"><\/figure>\n\t\t\t\t\t<\/div>\n\t\t\t\t<\/div>\n\t\t\t<\/div>\n\t\t<\/div>\n\t<\/section> \n\t\t\t\t<\/div>\n\t\t\t\t<\/div>\n\t\t\t\t\t<\/div>\n\t\t<\/div>\n\t\t\t\t\t<\/div>\n\t\t<\/section>\n\t\t\t\t<\/div>\n\t\t","protected":false},"excerpt":{"rendered":"<p>Hakk\u0131m\u0131zda T\u00fcrkiye genelindeki t\u00fcm bayilerimiz ile birlikte pek \u00e7ok [&hellip;]<\/p>\n","protected":false},"author":1,"featured_media":144,"parent":0,"menu_order":0,"comment_status":"closed","ping_status":"closed","template":"elementor_header_footer","meta":{"footnotes":""},"class_list":["post-696","page","type-page","status-publish","has-post-thumbnail","hentry"],"_links":{"self":[{"href":"https:\/\/kucukarilarakademisi.com\/index.php\/wp-json\/wp\/v2\/pages\/696"}],"collection":[{"href":"https:\/\/kucukarilarakademisi.com\/index.php\/wp-json\/wp\/v2\/pages"}],"about":[{"href":"https:\/\/kucukarilarakademisi.com\/index.php\/wp-json\/wp\/v2\/types\/page"}],"author":[{"embeddable":true,"href":"https:\/\/kucukarilarakademisi.com\/index.php\/wp-json\/wp\/v2\/users\/1"}],"replies":[{"embeddable":true,"href":"https:\/\/kucukarilarakademisi.com\/index.php\/wp-json\/wp\/v2\/comments?post=696"}],"version-history":[{"count":25,"href":"https:\/\/kucukarilarakademisi.com\/index.php\/wp-json\/wp\/v2\/pages\/696\/revisions"}],"predecessor-version":[{"id":1877,"href":"https:\/\/kucukarilarakademisi.com\/index.php\/wp-json\/wp\/v2\/pages\/696\/revisions\/1877"}],"wp:featuredmedia":[{"embeddable":true,"href":"https:\/\/kucukarilarakademisi.com\/index.php\/wp-json\/wp\/v2\/media\/144"}],"wp:attachment":[{"href":"https:\/\/kucukarilarakademisi.com\/index.php\/wp-json\/wp\/v2\/media?parent=696"}],"curies":[{"name":"wp","href":"https:\/\/api.w.org\/{rel}","templated":true}]}}